{"id":7,"date":"2020-06-19T08:10:48","date_gmt":"2020-06-19T08:10:48","guid":{"rendered":"https:\/\/resilience.aau.at\/?page_id=7"},"modified":"2021-06-17T12:23:31","modified_gmt":"2021-06-17T12:23:31","slug":"about","status":"publish","type":"page","link":"https:\/\/resilience.aau.at\/index.php\/about\/","title":{"rendered":"Kontakt"},"content":{"rendered":"\n<p>Die Studie wird in Kooperation zwischen Alpen-Adria-Universit\u00e4t Klagenfurt und Medizinischer Universit\u00e4t Graz durchgef\u00fchrt.<\/p>\n\n\n\n<p><\/p>\n\n\n\n<figure class=\"wp-block-image size-large is-resized\"><img loading=\"lazy\" src=\"https:\/\/resilience.aau.at\/wp-content\/uploads\/2020\/06\/UNI_LOGO_positiv-1-1024x291.png\" alt=\"\" class=\"wp-image-54\" width=\"541\" height=\"153\" srcset=\"https:\/\/resilience.aau.at\/wp-content\/uploads\/2020\/06\/UNI_LOGO_positiv-1-1024x291.png 1024w, https:\/\/resilience.aau.at\/wp-content\/uploads\/2020\/06\/UNI_LOGO_positiv-1-300x85.png 300w, https:\/\/resilience.aau.at\/wp-content\/uploads\/2020\/06\/UNI_LOGO_positiv-1-768x218.png 768w, https:\/\/resilience.aau.at\/wp-content\/uploads\/2020\/06\/UNI_LOGO_positiv-1-1536x437.png 1536w, https:\/\/resilience.aau.at\/wp-content\/uploads\/2020\/06\/UNI_LOGO_positiv-1.png 1819w\" sizes=\"(max-width: 541px) 100vw, 541px\" \/><\/figure>\n\n\n\n<figure class=\"wp-block-image size-large is-resized\"><img loading=\"lazy\" src=\"https:\/\/resilience.aau.at\/wp-content\/uploads\/2020\/06\/med-uni-graz-gruen_schriftzug-lang-1024x229.png\" alt=\"\" class=\"wp-image-55\" width=\"544\" height=\"122\" srcset=\"https:\/\/resilience.aau.at\/wp-content\/uploads\/2020\/06\/med-uni-graz-gruen_schriftzug-lang-1024x229.png 1024w, https:\/\/resilience.aau.at\/wp-content\/uploads\/2020\/06\/med-uni-graz-gruen_schriftzug-lang-300x67.png 300w, https:\/\/resilience.aau.at\/wp-content\/uploads\/2020\/06\/med-uni-graz-gruen_schriftzug-lang-768x171.png 768w, https:\/\/resilience.aau.at\/wp-content\/uploads\/2020\/06\/med-uni-graz-gruen_schriftzug-lang-1536x343.png 1536w, https:\/\/resilience.aau.at\/wp-content\/uploads\/2020\/06\/med-uni-graz-gruen_schriftzug-lang-2048x457.png 2048w\" sizes=\"(max-width: 544px) 100vw, 544px\" \/><\/figure>\n\n\n\n<p><\/p>\n\n\n\n<p><\/p>\n\n\n\n<hr class=\"wp-block-separator\"\/>\n\n\n\n<p><strong>Kontakte:<\/strong><\/p>\n\n\n\n<p>Assoc. Prof. Mag. Dr. Barbara Hanfstingl<\/p>\n\n\n\n<p>Adresse:&nbsp;Alpen-Adria-Universit\u00e4t Klagenfurt, Universit\u00e4tsstra\u00dfe 65-67, 9020 Klagenfurt<\/p>\n\n\n\n<p>E-Mail: <a href=\"mailto:barbara.hanfstingl@aau.at\">barbara.hanfstingl[at]aau.at<\/a><\/p>\n\n\n\n<p><\/p>\n\n\n\n<hr class=\"wp-block-separator\"\/>\n\n\n\n<p>Priv.-Doz.&nbsp;Dr.med.univ. Christian Fazekas<\/p>\n\n\n\n<p>Adresse: Universit\u00e4tsklinik f\u00fcr Medizinische Psychologie und Psychotherapie, Auenbruggerplatz 2\/8, 8036 Graz<\/p>\n\n\n\n<p>E-Mail:&nbsp;<a href=\"mailto:christian.fazekas@medunigraz.at\">christian.fazekas[at]medunigraz.at<\/a><\/p>\n\n\n\n<p><\/p>\n\n\n\n<p><\/p>\n\n\n\n<hr class=\"wp-block-separator\"\/>\n\n\n\n<p><strong>Weiters im Team:<\/strong><\/p>\n\n\n\n<p>Mag. Anita Frischmann<\/p>\n\n\n\n<p>Katharina G\u00f6lly, BSc, BA<\/p>\n\n\n\n<p>Dr. Franziska Matzer<\/p>\n\n\n\n<p>Matias Tikvic<\/p>\n","protected":false},"excerpt":{"rendered":"<p>Die Studie wird in Kooperation zwischen Alpen-Adria-Universit\u00e4t Klagenfurt und Medizinischer Universit\u00e4t Graz durchgef\u00fchrt. Kontakte: Assoc. Prof. Mag. Dr. Barbara Hanfstingl Adresse:&nbsp;Alpen-Adria-Universit\u00e4t Klagenfurt, Universit\u00e4tsstra\u00dfe 65-67, 9020 Klagenfurt E-Mail: barbara.hanfstingl[at]aau.at Priv.-Doz.&nbsp;Dr.med.univ. Christian Fazekas Adresse: Universit\u00e4tsklinik f\u00fcr Medizinische Psychologie und Psychotherapie, Auenbruggerplatz 2\/8, 8036 Graz E-Mail:&nbsp;christian.fazekas[at]medunigraz.at Weiters im Team: Mag. Anita Frischmann Katharina G\u00f6lly, BSc, BA Dr. Franziska&hellip;&nbsp;<a href=\"https:\/\/resilience.aau.at\/index.php\/about\/\" class=\"\" rel=\"bookmark\">Weiterlesen &raquo;<span class=\"screen-reader-text\">Kontakt<\/span><\/a><\/p>\n","protected":false},"author":1,"featured_media":0,"parent":0,"menu_order":0,"comment_status":"closed","ping_status":"closed","template":"","meta":[],"_links":{"self":[{"href":"https:\/\/resilience.aau.at\/index.php\/wp-json\/wp\/v2\/pages\/7"}],"collection":[{"href":"https:\/\/resilience.aau.at\/index.php\/wp-json\/wp\/v2\/pages"}],"about":[{"href":"https:\/\/resilience.aau.at\/index.php\/wp-json\/wp\/v2\/types\/page"}],"author":[{"embeddable":true,"href":"https:\/\/resilience.aau.at\/index.php\/wp-json\/wp\/v2\/users\/1"}],"replies":[{"embeddable":true,"href":"https:\/\/resilience.aau.at\/index.php\/wp-json\/wp\/v2\/comments?post=7"}],"version-history":[{"count":7,"href":"https:\/\/resilience.aau.at\/index.php\/wp-json\/wp\/v2\/pages\/7\/revisions"}],"predecessor-version":[{"id":243,"href":"https:\/\/resilience.aau.at\/index.php\/wp-json\/wp\/v2\/pages\/7\/revisions\/243"}],"wp:attachment":[{"href":"https:\/\/resilience.aau.at\/index.php\/wp-json\/wp\/v2\/media?parent=7"}],"curies":[{"name":"wp","href":"https:\/\/api.w.org\/{rel}","templated":true}]}}