{"id":229,"date":"2021-06-28T08:58:08","date_gmt":"2021-06-28T08:58:08","guid":{"rendered":"https:\/\/resilience.aau.at\/?page_id=229"},"modified":"2021-06-28T09:25:00","modified_gmt":"2021-06-28T09:25:00","slug":"startseite","status":"publish","type":"page","link":"https:\/\/resilience.aau.at\/","title":{"rendered":"Startseite"},"content":{"rendered":"\t\t<div data-elementor-type=\"wp-page\" data-elementor-id=\"229\" class=\"elementor elementor-229\" data-elementor-settings=\"[]\">\n\t\t\t\t\t\t\t<div class=\"elementor-section-wrap\">\n\t\t\t\t\t\t\t<section class=\"elementor-section elementor-top-section elementor-element elementor-element-fa872b6 elementor-section-boxed elementor-section-height-default elementor-section-height-default\" data-id=\"fa872b6\" data-element_type=\"section\">\n\t\t\t\t\t\t<div class=\"elementor-container elementor-column-gap-default\">\n\t\t\t\t\t<div class=\"elementor-column elementor-col-100 elementor-top-column elementor-element elementor-element-c118dfc\" data-id=\"c118dfc\" data-element_type=\"column\">\n\t\t\t<div class=\"elementor-widget-wrap elementor-element-populated\">\n\t\t\t\t\t\t\t\t<section class=\"elementor-section elementor-inner-section elementor-element elementor-element-91e4067 elementor-section-boxed elementor-section-height-default elementor-section-height-default\" data-id=\"91e4067\" data-element_type=\"section\">\n\t\t\t\t\t\t<div class=\"elementor-container elementor-column-gap-default\">\n\t\t\t\t\t<div class=\"elementor-column elementor-col-66 elementor-inner-column elementor-element elementor-element-ca645a0\" data-id=\"ca645a0\" data-element_type=\"column\">\n\t\t\t<div class=\"elementor-widget-wrap elementor-element-populated\">\n\t\t\t\t\t\t\t\t<div class=\"elementor-element elementor-element-b69565c elementor-widget elementor-widget-heading\" data-id=\"b69565c\" data-element_type=\"widget\" data-widget_type=\"heading.default\">\n\t\t\t\t<div class=\"elementor-widget-container\">\n\t\t\t<h1 class=\"elementor-heading-title elementor-size-default\">Wie bleibe ich (trotzdem) gesund?<\/h1>\t\t<\/div>\n\t\t\t\t<\/div>\n\t\t\t\t<div class=\"elementor-element elementor-element-2975474 elementor-widget elementor-widget-text-editor\" data-id=\"2975474\" data-element_type=\"widget\" data-widget_type=\"text-editor.default\">\n\t\t\t\t<div class=\"elementor-widget-container\">\n\t\t\t\t\t\t\t\t<p>Im Jahre 2020 hat die COVID-19 Pandemie die Menschen auf aller Welt in eine neue Situation gebracht, f\u00fcr deren Bew\u00e4ltigung es noch sehr wenig Erfahrung gab. Aufgrund der notwendigen sozialen Distanzierung und Lockdowns gerieten viele Menschen in eine sehr zwiesp\u00e4ltige Situation; einer Mischung aus \u00dcberforderung und Langeweile. Krisen und gro\u00dfe Verunsicherungen, wie diese k\u00f6nnen das psychische Wohlbefinden stark beeintr\u00e4chtigen.<\/p><p>Wir haben diese Zeit des Lockdowns untersucht und uns zum Ziel gesetzt herauszufinden, was Menschen von sich heraus unternommen haben, um sich trotz dieser schwierigen Situation einigerma\u00dfen wohlzuf\u00fchlen.<\/p><p>Vielen Menschen sind unserem Aufruf gefolgt und haben uns ihre Bew\u00e4ltigungsstrategien bekannt gegeben. Wir haben diese zusammengefasst und in Kategorien eingeteilt. Die Ergebnisse stellen wir Ihnen auf den folgenden Seiten vor.<\/p>\t\t\t\t\t\t<\/div>\n\t\t\t\t<\/div>\n\t\t\t\t\t<\/div>\n\t\t<\/div>\n\t\t\t\t<div class=\"elementor-column elementor-col-33 elementor-inner-column elementor-element elementor-element-7cc6586\" data-id=\"7cc6586\" data-element_type=\"column\">\n\t\t\t<div class=\"elementor-widget-wrap elementor-element-populated\">\n\t\t\t\t\t\t\t\t<div class=\"elementor-element elementor-element-a4beeac elementor-widget elementor-widget-image\" data-id=\"a4beeac\" data-element_type=\"widget\" data-widget_type=\"image.default\">\n\t\t\t\t<div class=\"elementor-widget-container\">\n\t\t\t\t\t\t\t\t\t\t\t\t\t\t\t<img width=\"1024\" height=\"457\" src=\"https:\/\/resilience.aau.at\/wp-content\/uploads\/2020\/06\/IMG_20190724_133018-1024x457.jpg\" class=\"attachment-large size-large\" alt=\"\" loading=\"lazy\" srcset=\"https:\/\/resilience.aau.at\/wp-content\/uploads\/2020\/06\/IMG_20190724_133018-1024x457.jpg 1024w, https:\/\/resilience.aau.at\/wp-content\/uploads\/2020\/06\/IMG_20190724_133018-300x134.jpg 300w, https:\/\/resilience.aau.at\/wp-content\/uploads\/2020\/06\/IMG_20190724_133018-768x343.jpg 768w, https:\/\/resilience.aau.at\/wp-content\/uploads\/2020\/06\/IMG_20190724_133018-1536x685.jpg 1536w, https:\/\/resilience.aau.at\/wp-content\/uploads\/2020\/06\/IMG_20190724_133018-2048x914.jpg 2048w\" sizes=\"(max-width: 1024px) 100vw, 1024px\" \/>\t\t\t\t\t\t\t\t\t\t\t\t\t\t\t<\/div>\n\t\t\t\t<\/div>\n\t\t\t\t<div class=\"elementor-element elementor-element-7db85b6 elementor-button-success elementor-align-center elementor-widget elementor-widget-button\" data-id=\"7db85b6\" data-element_type=\"widget\" data-widget_type=\"button.default\">\n\t\t\t\t<div class=\"elementor-widget-container\">\n\t\t\t\t\t<div class=\"elementor-button-wrapper\">\n\t\t\t<a href=\"https:\/\/resilience.aau.at\/index.php\/was-hilft-uns-am-besten\/\" class=\"elementor-button-link elementor-button elementor-size-xl\" role=\"button\">\n\t\t\t\t\t\t<span class=\"elementor-button-content-wrapper\">\n\t\t\t\t\t\t<span class=\"elementor-button-icon elementor-align-icon-left\">\n\t\t\t\t<i aria-hidden=\"true\" class=\"far fa-chart-bar\"><\/i>\t\t\t<\/span>\n\t\t\t\t\t\t<span class=\"elementor-button-text\">zu den Ergebnissen<\/span>\n\t\t<\/span>\n\t\t\t\t\t<\/a>\n\t\t<\/div>\n\t\t\t\t<\/div>\n\t\t\t\t<\/div>\n\t\t\t\t\t<\/div>\n\t\t<\/div>\n\t\t\t\t\t\t\t<\/div>\n\t\t<\/section>\n\t\t\t\t\t<\/div>\n\t\t<\/div>\n\t\t\t\t\t\t\t<\/div>\n\t\t<\/section>\n\t\t\t\t\t\t<\/div>\n\t\t\t\t\t<\/div>\n\t\t","protected":false},"excerpt":{"rendered":"<p>Wie bleibe ich (trotzdem) gesund? Im Jahre 2020 hat die COVID-19 Pandemie die Menschen auf aller Welt in eine neue Situation gebracht, f\u00fcr deren Bew\u00e4ltigung es noch sehr wenig Erfahrung gab. Aufgrund der notwendigen sozialen Distanzierung und Lockdowns gerieten viele Menschen in eine sehr zwiesp\u00e4ltige Situation; einer Mischung aus \u00dcberforderung und Langeweile. Krisen und gro\u00dfe&hellip;&nbsp;<a href=\"https:\/\/resilience.aau.at\/\" class=\"\" rel=\"bookmark\">Weiterlesen &raquo;<span class=\"screen-reader-text\">Startseite<\/span><\/a><\/p>\n","protected":false},"author":1,"featured_media":0,"parent":0,"menu_order":0,"comment_status":"closed","ping_status":"closed","template":"page-templates\/template-pagebuilder-full-width.php","meta":[],"_links":{"self":[{"href":"https:\/\/resilience.aau.at\/index.php\/wp-json\/wp\/v2\/pages\/229"}],"collection":[{"href":"https:\/\/resilience.aau.at\/index.php\/wp-json\/wp\/v2\/pages"}],"about":[{"href":"https:\/\/resilience.aau.at\/index.php\/wp-json\/wp\/v2\/types\/page"}],"author":[{"embeddable":true,"href":"https:\/\/resilience.aau.at\/index.php\/wp-json\/wp\/v2\/users\/1"}],"replies":[{"embeddable":true,"href":"https:\/\/resilience.aau.at\/index.php\/wp-json\/wp\/v2\/comments?post=229"}],"version-history":[{"count":28,"href":"https:\/\/resilience.aau.at\/index.php\/wp-json\/wp\/v2\/pages\/229\/revisions"}],"predecessor-version":[{"id":347,"href":"https:\/\/resilience.aau.at\/index.php\/wp-json\/wp\/v2\/pages\/229\/revisions\/347"}],"wp:attachment":[{"href":"https:\/\/resilience.aau.at\/index.php\/wp-json\/wp\/v2\/media?parent=229"}],"curies":[{"name":"wp","href":"https:\/\/api.w.org\/{rel}","templated":true}]}}